{"id":42,"date":"2023-10-04T20:05:00","date_gmt":"2023-10-04T18:05:00","guid":{"rendered":"http:\/\/localhost\/suenowosad\/wordpress\/?page_id=42"},"modified":"2024-09-08T16:09:44","modified_gmt":"2024-09-08T14:09:44","slug":"o-nas","status":"publish","type":"page","link":"https:\/\/www.suenowosad.com.pl\/index.php\/o-nas\/","title":{"rendered":"O nas"},"content":{"rendered":"\n<h2 class=\"wp-block-heading has-text-align-center\">O NAS<\/h2>\n\n\n\n<div class=\"wp-block-columns is-layout-flex wp-container-core-columns-is-layout-9d6595d7 wp-block-columns-is-layout-flex\">\n<div class=\"wp-block-column is-layout-flow wp-block-column-is-layout-flow\" style=\"flex-basis:66.66%\">\n<p class=\"has-text-align-left\">Firma SUE Serwis Urz\u0105dze\u0144 Energetycznych Roman Nowosad powsta\u0142a w 1997 roku. W pocz\u0105tkowym okresie prowadzi\u0142a dzia\u0142alno\u015b\u0107 do sp\u00f3\u0142ki z firm\u0105 TechniCon z Gliwic. Zakres dzia\u0142alno\u015bci sprowadza\u0142 si\u0119 do mycia uzwoje\u0144 silnik\u00f3w, generator\u00f3w i rozdzielnic elektrycznych. Poza tym firma prowadzi\u0142a sprzeda\u017c \u015brodk\u00f3w chemicznych: <\/p>\n\n\n\n<p class=\"has-text-align-left\">-p\u0142yn\u00f3w myj\u0105cych <\/p>\n\n\n\n<p class=\"has-text-align-left\">-lakieru <\/p>\n\n\n\n<p class=\"has-text-align-left\">-pasty do czyszczenia izolator\u00f3w <\/p>\n\n\n\n<p class=\"has-text-align-left\">&#8211;&nbsp;sprz\u0119tu \/agregat\u00f3w myj\u0105cych, pistolet\u00f3w i odkurzaczy przemys\u0142owych\/ <\/p>\n\n\n\n<p class=\"has-text-align-left\">Natomiast od roku 2002 firma SUE przej\u0119\u0142a i kontynuuje samodzielnie omawian\u0105 dzia\u0142alno\u015b\u0107 do dzisiaj.<\/p>\n<\/div>\n\n\n\n<div class=\"wp-block-column is-layout-flow wp-block-column-is-layout-flow\" style=\"flex-basis:33.33%\"><div class=\"wp-block-image\">\n<figure class=\"aligncenter size-full is-resized\"><img loading=\"lazy\" decoding=\"async\" width=\"2283\" height=\"1712\" src=\"http:\/\/www.suenowosad.com.pl\/wp-content\/uploads\/2023\/10\/01_turbina.jpg\" alt=\"\" class=\"wp-image-79\" style=\"aspect-ratio:1.3339517625231911;width:505px;height:auto\"\/><figcaption class=\"wp-element-caption\">OLYMPUS DIGITAL CAMERA<\/figcaption><\/figure>\n<\/div><\/div>\n<\/div>\n\n\n\n<p><a href=\"http:\/\/www.suenowosad.com.pl\/wp-content\/uploads\/2023\/10\/referencje-SUE.pdf\" target=\"_blank\" rel=\"noopener\" title=\"O nas\">Nasze referencje<\/a><\/p>\n","protected":false},"excerpt":{"rendered":"<p>O NAS Firma SUE Serwis Urz\u0105dze\u0144 Energetycznych Roman Nowosad powsta\u0142a w 1997 roku. W pocz\u0105tkowym okresie prowadzi\u0142a dzia\u0142alno\u015b\u0107 do sp\u00f3\u0142ki z firm\u0105 TechniCon z Gliwic. Zakres dzia\u0142alno\u015bci sprowadza\u0142 si\u0119 do mycia uzwoje\u0144 silnik\u00f3w, generator\u00f3w i rozdzielnic elektrycznych. Poza tym firma prowadzi\u0142a sprzeda\u017c \u015brodk\u00f3w chemicznych: -p\u0142yn\u00f3w myj\u0105cych -lakieru -pasty do czyszczenia izolator\u00f3w &#8211;&nbsp;sprz\u0119tu \/agregat\u00f3w myj\u0105cych, pistolet\u00f3w [&hellip;]<\/p>\n","protected":false},"author":1,"featured_media":0,"parent":0,"menu_order":0,"comment_status":"closed","ping_status":"closed","template":"","meta":{"_eb_attr":"","om_disable_all_campaigns":false,"_monsterinsights_skip_tracking":false,"_monsterinsights_sitenote_active":false,"_monsterinsights_sitenote_note":"","_monsterinsights_sitenote_category":0,"footnotes":""},"class_list":["post-42","page","type-page","status-publish","hentry"],"aioseo_notices":[],"_links":{"self":[{"href":"https:\/\/www.suenowosad.com.pl\/index.php\/wp-json\/wp\/v2\/pages\/42","targetHints":{"allow":["GET"]}}],"collection":[{"href":"https:\/\/www.suenowosad.com.pl\/index.php\/wp-json\/wp\/v2\/pages"}],"about":[{"href":"https:\/\/www.suenowosad.com.pl\/index.php\/wp-json\/wp\/v2\/types\/page"}],"author":[{"embeddable":true,"href":"https:\/\/www.suenowosad.com.pl\/index.php\/wp-json\/wp\/v2\/users\/1"}],"replies":[{"embeddable":true,"href":"https:\/\/www.suenowosad.com.pl\/index.php\/wp-json\/wp\/v2\/comments?post=42"}],"version-history":[{"count":13,"href":"https:\/\/www.suenowosad.com.pl\/index.php\/wp-json\/wp\/v2\/pages\/42\/revisions"}],"predecessor-version":[{"id":197,"href":"https:\/\/www.suenowosad.com.pl\/index.php\/wp-json\/wp\/v2\/pages\/42\/revisions\/197"}],"wp:attachment":[{"href":"https:\/\/www.suenowosad.com.pl\/index.php\/wp-json\/wp\/v2\/media?parent=42"}],"curies":[{"name":"wp","href":"https:\/\/api.w.org\/{rel}","templated":true}]}}